{"id":18054,"date":"2023-08-28T16:19:39","date_gmt":"2023-08-28T19:19:39","guid":{"rendered":"https:\/\/www.me-elecmetal.com\/digital-twin-gemelo-digital\/"},"modified":"2024-02-13T20:46:52","modified_gmt":"2024-02-13T23:46:52","slug":"digital-twin","status":"publish","type":"page","link":"https:\/\/www.me-elecmetal.com\/en-us\/digital-twin\/","title":{"rendered":"Digital Twin"},"content":{"rendered":"","protected":false},"excerpt":{"rendered":"","protected":false},"author":10,"featured_media":17563,"parent":0,"menu_order":0,"comment_status":"closed","ping_status":"closed","template":"template-bajada-info.php","meta":{"_acf_changed":false,"inline_featured_image":false,"footnotes":""},"tipo_de_pagina":[],"tipo_de_campana":[],"class_list":["post-18054","page","type-page","status-publish","has-post-thumbnail","hentry"],"acf":[],"yoast_head":"<!-- This site is optimized with the Yoast SEO plugin v27.1.1 - https:\/\/yoast.com\/product\/yoast-seo-wordpress\/ -->\n<title>Me-Elecmetal: Optimizaci\u00f3n y Diagn\u00f3stico de Molienda SAG Digital<\/title>\n<meta name=\"description\" content=\"SAG Digital Twin: Soluci\u00f3n avanzada para maximizar eficiencia en molienda SAG usando IA y an\u00e1lisis profundo.\" \/>\n<meta name=\"robots\" content=\"index, follow, max-snippet:-1, max-image-preview:large, max-video-preview:-1\" \/>\n<link rel=\"canonical\" href=\"https:\/\/www.me-elecmetal.com\/en-us\/digital-twin\/\" \/>\n<meta property=\"og:locale\" content=\"en_GB\" \/>\n<meta property=\"og:type\" content=\"article\" \/>\n<meta property=\"og:title\" content=\"Me-Elecmetal: Optimizaci\u00f3n y Diagn\u00f3stico de Molienda SAG Digital\" \/>\n<meta property=\"og:description\" content=\"SAG Digital Twin: Soluci\u00f3n avanzada para maximizar eficiencia en molienda SAG usando IA y an\u00e1lisis profundo.\" \/>\n<meta property=\"og:url\" content=\"https:\/\/www.me-elecmetal.com\/en-us\/digital-twin\/\" \/>\n<meta property=\"og:site_name\" content=\"ME Elecmetal\" \/>\n<meta property=\"article:modified_time\" content=\"2024-02-13T23:46:52+00:00\" \/>\n<meta name=\"twitter:card\" content=\"summary_large_image\" \/>\n<script type=\"application\/ld+json\" class=\"yoast-schema-graph\">{\"@context\":\"https:\/\/schema.org\",\"@graph\":[{\"@type\":\"WebPage\",\"@id\":\"https:\/\/www.me-elecmetal.com\/en-us\/digital-twin\/\",\"url\":\"https:\/\/www.me-elecmetal.com\/en-us\/digital-twin\/\",\"name\":\"Me-Elecmetal: Optimizaci\u00f3n y Diagn\u00f3stico de Molienda SAG Digital\",\"isPartOf\":{\"@id\":\"https:\/\/www.me-elecmetal.com\/en-us\/#website\"},\"primaryImageOfPage\":{\"@id\":\"https:\/\/www.me-elecmetal.com\/en-us\/digital-twin\/#primaryimage\"},\"image\":{\"@id\":\"https:\/\/www.me-elecmetal.com\/en-us\/digital-twin\/#primaryimage\"},\"thumbnailUrl\":\"https:\/\/www.me-elecmetal.com\/wp-content\/uploads\/2023\/09\/BajadaInformacion_GemeloDigital_ProblemaActual_800x800-1.jpg\",\"datePublished\":\"2023-08-28T19:19:39+00:00\",\"dateModified\":\"2024-02-13T23:46:52+00:00\",\"description\":\"SAG Digital Twin: Soluci\u00f3n avanzada para maximizar eficiencia en molienda SAG usando IA y an\u00e1lisis profundo.\",\"breadcrumb\":{\"@id\":\"https:\/\/www.me-elecmetal.com\/en-us\/digital-twin\/#breadcrumb\"},\"inLanguage\":\"en-GB\",\"potentialAction\":[{\"@type\":\"ReadAction\",\"target\":[\"https:\/\/www.me-elecmetal.com\/en-us\/digital-twin\/\"]}]},{\"@type\":\"ImageObject\",\"inLanguage\":\"en-GB\",\"@id\":\"https:\/\/www.me-elecmetal.com\/en-us\/digital-twin\/#primaryimage\",\"url\":\"https:\/\/www.me-elecmetal.com\/wp-content\/uploads\/2023\/09\/BajadaInformacion_GemeloDigital_ProblemaActual_800x800-1.jpg\",\"contentUrl\":\"https:\/\/www.me-elecmetal.com\/wp-content\/uploads\/2023\/09\/BajadaInformacion_GemeloDigital_ProblemaActual_800x800-1.jpg\",\"width\":801,\"height\":801,\"caption\":\"SAG Digital Twin: Soluci\u00f3n avanzada para maximizar eficiencia en molienda SAG usando IA y an\u00e1lisis profundo.\"},{\"@type\":\"BreadcrumbList\",\"@id\":\"https:\/\/www.me-elecmetal.com\/en-us\/digital-twin\/#breadcrumb\",\"itemListElement\":[{\"@type\":\"ListItem\",\"position\":1,\"name\":\"Portada\",\"item\":\"https:\/\/www.me-elecmetal.com\/en-us\/\"},{\"@type\":\"ListItem\",\"position\":2,\"name\":\"Digital Twin\"}]},{\"@type\":\"WebSite\",\"@id\":\"https:\/\/www.me-elecmetal.com\/en-us\/#website\",\"url\":\"https:\/\/www.me-elecmetal.com\/en-us\/\",\"name\":\"ME Elecmetal\",\"description\":\"Presencia y Distribuci\u00f3n Global\",\"potentialAction\":[{\"@type\":\"SearchAction\",\"target\":{\"@type\":\"EntryPoint\",\"urlTemplate\":\"https:\/\/www.me-elecmetal.com\/en-us\/?s={search_term_string}\"},\"query-input\":{\"@type\":\"PropertyValueSpecification\",\"valueRequired\":true,\"valueName\":\"search_term_string\"}}],\"inLanguage\":\"en-GB\"}]}<\/script>\n<!-- \/ Yoast SEO plugin. -->","yoast_head_json":{"title":"Me-Elecmetal: Optimizaci\u00f3n y Diagn\u00f3stico de Molienda SAG Digital","description":"SAG Digital Twin: Soluci\u00f3n avanzada para maximizar eficiencia en molienda SAG usando IA y an\u00e1lisis profundo.","robots":{"index":"index","follow":"follow","max-snippet":"max-snippet:-1","max-image-preview":"max-image-preview:large","max-video-preview":"max-video-preview:-1"},"canonical":"https:\/\/www.me-elecmetal.com\/en-us\/digital-twin\/","og_locale":"en_GB","og_type":"article","og_title":"Me-Elecmetal: Optimizaci\u00f3n y Diagn\u00f3stico de Molienda SAG Digital","og_description":"SAG Digital Twin: Soluci\u00f3n avanzada para maximizar eficiencia en molienda SAG usando IA y an\u00e1lisis profundo.","og_url":"https:\/\/www.me-elecmetal.com\/en-us\/digital-twin\/","og_site_name":"ME Elecmetal","article_modified_time":"2024-02-13T23:46:52+00:00","twitter_card":"summary_large_image","schema":{"@context":"https:\/\/schema.org","@graph":[{"@type":"WebPage","@id":"https:\/\/www.me-elecmetal.com\/en-us\/digital-twin\/","url":"https:\/\/www.me-elecmetal.com\/en-us\/digital-twin\/","name":"Me-Elecmetal: Optimizaci\u00f3n y Diagn\u00f3stico de Molienda SAG Digital","isPartOf":{"@id":"https:\/\/www.me-elecmetal.com\/en-us\/#website"},"primaryImageOfPage":{"@id":"https:\/\/www.me-elecmetal.com\/en-us\/digital-twin\/#primaryimage"},"image":{"@id":"https:\/\/www.me-elecmetal.com\/en-us\/digital-twin\/#primaryimage"},"thumbnailUrl":"https:\/\/www.me-elecmetal.com\/wp-content\/uploads\/2023\/09\/BajadaInformacion_GemeloDigital_ProblemaActual_800x800-1.jpg","datePublished":"2023-08-28T19:19:39+00:00","dateModified":"2024-02-13T23:46:52+00:00","description":"SAG Digital Twin: Soluci\u00f3n avanzada para maximizar eficiencia en molienda SAG usando IA y an\u00e1lisis profundo.","breadcrumb":{"@id":"https:\/\/www.me-elecmetal.com\/en-us\/digital-twin\/#breadcrumb"},"inLanguage":"en-GB","potentialAction":[{"@type":"ReadAction","target":["https:\/\/www.me-elecmetal.com\/en-us\/digital-twin\/"]}]},{"@type":"ImageObject","inLanguage":"en-GB","@id":"https:\/\/www.me-elecmetal.com\/en-us\/digital-twin\/#primaryimage","url":"https:\/\/www.me-elecmetal.com\/wp-content\/uploads\/2023\/09\/BajadaInformacion_GemeloDigital_ProblemaActual_800x800-1.jpg","contentUrl":"https:\/\/www.me-elecmetal.com\/wp-content\/uploads\/2023\/09\/BajadaInformacion_GemeloDigital_ProblemaActual_800x800-1.jpg","width":801,"height":801,"caption":"SAG Digital Twin: Soluci\u00f3n avanzada para maximizar eficiencia en molienda SAG usando IA y an\u00e1lisis profundo."},{"@type":"BreadcrumbList","@id":"https:\/\/www.me-elecmetal.com\/en-us\/digital-twin\/#breadcrumb","itemListElement":[{"@type":"ListItem","position":1,"name":"Portada","item":"https:\/\/www.me-elecmetal.com\/en-us\/"},{"@type":"ListItem","position":2,"name":"Digital Twin"}]},{"@type":"WebSite","@id":"https:\/\/www.me-elecmetal.com\/en-us\/#website","url":"https:\/\/www.me-elecmetal.com\/en-us\/","name":"ME Elecmetal","description":"Presencia y Distribuci\u00f3n Global","potentialAction":[{"@type":"SearchAction","target":{"@type":"EntryPoint","urlTemplate":"https:\/\/www.me-elecmetal.com\/en-us\/?s={search_term_string}"},"query-input":{"@type":"PropertyValueSpecification","valueRequired":true,"valueName":"search_term_string"}}],"inLanguage":"en-GB"}]}},"_links":{"self":[{"href":"https:\/\/www.me-elecmetal.com\/en-us\/wp-json\/wp\/v2\/pages\/18054","targetHints":{"allow":["GET"]}}],"collection":[{"href":"https:\/\/www.me-elecmetal.com\/en-us\/wp-json\/wp\/v2\/pages"}],"about":[{"href":"https:\/\/www.me-elecmetal.com\/en-us\/wp-json\/wp\/v2\/types\/page"}],"author":[{"embeddable":true,"href":"https:\/\/www.me-elecmetal.com\/en-us\/wp-json\/wp\/v2\/users\/10"}],"replies":[{"embeddable":true,"href":"https:\/\/www.me-elecmetal.com\/en-us\/wp-json\/wp\/v2\/comments?post=18054"}],"version-history":[{"count":4,"href":"https:\/\/www.me-elecmetal.com\/en-us\/wp-json\/wp\/v2\/pages\/18054\/revisions"}],"predecessor-version":[{"id":18162,"href":"https:\/\/www.me-elecmetal.com\/en-us\/wp-json\/wp\/v2\/pages\/18054\/revisions\/18162"}],"wp:featuredmedia":[{"embeddable":true,"href":"https:\/\/www.me-elecmetal.com\/en-us\/wp-json\/wp\/v2\/media\/17563"}],"wp:attachment":[{"href":"https:\/\/www.me-elecmetal.com\/en-us\/wp-json\/wp\/v2\/media?parent=18054"}],"wp:term":[{"taxonomy":"tipo_de_pagina","embeddable":true,"href":"https:\/\/www.me-elecmetal.com\/en-us\/wp-json\/wp\/v2\/tipo_de_pagina?post=18054"},{"taxonomy":"tipo_de_campana","embeddable":true,"href":"https:\/\/www.me-elecmetal.com\/en-us\/wp-json\/wp\/v2\/tipo_de_campana?post=18054"}],"curies":[{"name":"wp","href":"https:\/\/api.w.org\/{rel}","templated":true}]}}